{"id":585,"date":"2025-12-02T14:09:33","date_gmt":"2025-12-02T17:09:33","guid":{"rendered":"https:\/\/www.bukly.com\/?page_id=585"},"modified":"2025-12-02T14:26:58","modified_gmt":"2025-12-02T17:26:58","slug":"blog","status":"publish","type":"page","link":"https:\/\/www.bukly.com\/italiano\/blog\/","title":{"rendered":"Blog"},"content":{"rendered":"<div data-elementor-type=\"wp-page\" data-elementor-id=\"585\" class=\"elementor elementor-585\" data-elementor-post-type=\"page\">\n\t\t\t\t<div class=\"elementor-element elementor-element-9167225 e-flex e-con-boxed e-con e-parent\" data-id=\"9167225\" data-element_type=\"container\">\n\t\t\t\t\t<div class=\"e-con-inner\">\n\t\t\t\t<div class=\"elementor-element elementor-element-0d12130 elementor-widget elementor-widget-spacer\" data-id=\"0d12130\" data-element_type=\"widget\" data-widget_type=\"spacer.default\">\n\t\t\t\t<div class=\"elementor-widget-container\">\n\t\t\t\t\t<div class=\"elementor-spacer\">\n\t\t\t<div class=\"elementor-spacer-inner\"><\/div>\n\t\t<\/div>\n\t\t\t\t<\/div>\n\t\t\t\t<\/div>\n\t\t\t\t\t<\/div>\n\t\t\t\t<\/div>\n\t\t<div class=\"elementor-element elementor-element-7225cab e-flex e-con-boxed e-con e-parent\" data-id=\"7225cab\" data-element_type=\"container\">\n\t\t\t\t\t<div class=\"e-con-inner\">\n\t\t\t\t<div class=\"elementor-element elementor-element-9e293ce elementor-widget elementor-widget-heading\" data-id=\"9e293ce\" data-element_type=\"widget\" data-widget_type=\"heading.default\">\n\t\t\t\t<div class=\"elementor-widget-container\">\n\t\t\t<h1 class=\"elementor-heading-title elementor-size-default\">Blog<\/h1>\t\t<\/div>\n\t\t\t\t<\/div>\n\t\t\t\t\t<\/div>\n\t\t\t\t<\/div>\n\t\t<div class=\"elementor-element elementor-element-34d9e64 e-flex e-con-boxed e-con e-parent\" data-id=\"34d9e64\" data-element_type=\"container\">\n\t\t\t\t\t<div class=\"e-con-inner\">\n\t\t\t\t<div class=\"elementor-element elementor-element-0487e71 elementor-widget elementor-widget-spacer\" data-id=\"0487e71\" data-element_type=\"widget\" data-widget_type=\"spacer.default\">\n\t\t\t\t<div class=\"elementor-widget-container\">\n\t\t\t\t\t<div class=\"elementor-spacer\">\n\t\t\t<div class=\"elementor-spacer-inner\"><\/div>\n\t\t<\/div>\n\t\t\t\t<\/div>\n\t\t\t\t<\/div>\n\t\t\t\t\t<\/div>\n\t\t\t\t<\/div>\n\t\t<div class=\"elementor-element elementor-element-458936a e-flex e-con-boxed e-con e-parent\" data-id=\"458936a\" data-element_type=\"container\" data-no-translation=\"\">\n\t\t\t\t\t<div class=\"e-con-inner\">\n\t\t\t\t<div class=\"elementor-element elementor-element-2279754 elementor-grid-eael-col-2 elementor-grid-tablet-eael-col-2 elementor-grid-mobile-eael-col-1 elementor-widget elementor-widget-eael-post-grid\" data-id=\"2279754\" data-element_type=\"widget\" data-settings=\"{&quot;eael_post_grid_columns&quot;:&quot;eael-col-2&quot;,&quot;eael_post_grid_columns_tablet&quot;:&quot;eael-col-2&quot;,&quot;eael_post_grid_columns_mobile&quot;:&quot;eael-col-1&quot;}\" data-widget_type=\"eael-post-grid.default\">\n\t\t\t\t<div class=\"elementor-widget-container\">\n\t\t\t<div id=\"eael-post-grid-2279754\" class=\"eael-post-grid-container\">\n            <div class=\"eael-post-grid eael-post-appender eael-post-appender-2279754 eael-post-grid-style-one\" data-layout-mode=\"masonry\"><article class=\"eael-grid-post eael-post-grid-column\" data-id=\"600\">\n        <div class=\"eael-grid-post-holder\">\n            <div class=\"eael-grid-post-holder-inner\"><div class=\"eael-entry-media\"><div class=\"eael-entry-overlay fade-in\"><i class=\"fas fa-long-arrow-alt-right\" aria-hidden=\"true\"><\/i><a href=\"https:\/\/www.bukly.com\/italiano\/alta-stagione-in-vista-il-tuo-hotel-e-pronto\/\"><\/a><\/div><div class=\"eael-entry-thumbnail\">\n                <img fetchpriority=\"high\" decoding=\"async\" width=\"1920\" height=\"600\" src=\"https:\/\/www.bukly.com\/wp-content\/uploads\/2025\/12\/Bukly_Banner-Dez-2025-1.png\" class=\"attachment-full size-full wp-image-579\" alt=\"\" srcset=\"https:\/\/www.bukly.com\/wp-content\/uploads\/2025\/12\/Bukly_Banner-Dez-2025-1.png 1920w, https:\/\/www.bukly.com\/wp-content\/uploads\/2025\/12\/Bukly_Banner-Dez-2025-1-300x94.png 300w, https:\/\/www.bukly.com\/wp-content\/uploads\/2025\/12\/Bukly_Banner-Dez-2025-1-1024x320.png 1024w, https:\/\/www.bukly.com\/wp-content\/uploads\/2025\/12\/Bukly_Banner-Dez-2025-1-768x240.png 768w, https:\/\/www.bukly.com\/wp-content\/uploads\/2025\/12\/Bukly_Banner-Dez-2025-1-1536x480.png 1536w, https:\/\/www.bukly.com\/wp-content\/uploads\/2025\/12\/Bukly_Banner-Dez-2025-1-18x6.png 18w\" sizes=\"(max-width: 1920px) 100vw, 1920px\" \/>\n            <\/div>\n        <\/div><div class=\"eael-entry-wrapper\"><header class=\"eael-entry-header\"><h2 class=\"eael-entry-title\"><a\n                        class=\"eael-grid-post-link\"\n                        href=\"https:\/\/www.bukly.com\/italiano\/alta-stagione-in-vista-il-tuo-hotel-e-pronto\/\"\n                        title=\"Alta stagione in vista: il tuo hotel \u00e8 pronto?\">Alta stagione in vista: il tuo hotel \u00e8 pronto?<\/a><\/h2><\/header><div class=\"eael-entry-content\">\n                        <div class=\"eael-grid-post-excerpt\"><p>La stagione delle vacanze e delle festivit\u00e0 di fine anno...<\/p><a href=\"https:\/\/www.bukly.com\/italiano\/alta-stagione-in-vista-il-tuo-hotel-e-pronto\/\" class=\"eael-post-elements-readmore-btn\">Leia mais<\/a><\/div>\n                    <\/div><div class=\"eael-entry-footer\"><div class=\"eael-author-avatar\"><a href=\"https:\/\/www.bukly.com\/italiano\/author\/admin\/\"><img alt=' ' src='https:\/\/secure.gravatar.com\/avatar\/ebd09cb8fc3c00a353812b9251eb93f1fa1d9a6a0af6f8abde745c32187e57d0?s=96&#038;d=mm&#038;r=g' srcset='https:\/\/secure.gravatar.com\/avatar\/ebd09cb8fc3c00a353812b9251eb93f1fa1d9a6a0af6f8abde745c32187e57d0?s=192&#038;d=mm&#038;r=g 2x' class='avatar avatar-96 photo' height='96' width='96' \/><\/a><\/div><div class=\"eael-entry-meta\"><span class=\"eael-posted-by\"><a href=\"https:\/\/www.bukly.com\/italiano\/author\/admin\/\" title=\"Articoli scritti da  \" rel=\"author\"> <\/a><\/span><span class=\"eael-posted-on\"><time datetime=\"2 de Dicembre de 2025\">2 de Dicembre de 2025<\/time><\/span><\/div><\/div><\/div><\/div>\n        <\/div>\n    <\/article><\/div>\n            <div class=\"clearfix\"><\/div>\n        <\/div>\t\t<\/div>\n\t\t\t\t<\/div>\n\t\t\t\t\t<\/div>\n\t\t\t\t<\/div>\n\t\t<div class=\"elementor-element elementor-element-d1c2323 e-flex e-con-boxed e-con e-parent\" data-id=\"d1c2323\" data-element_type=\"container\">\n\t\t\t\t\t<div class=\"e-con-inner\">\n\t\t\t\t<div class=\"elementor-element elementor-element-2cadb84 elementor-widget elementor-widget-spacer\" data-id=\"2cadb84\" data-element_type=\"widget\" data-widget_type=\"spacer.default\">\n\t\t\t\t<div class=\"elementor-widget-container\">\n\t\t\t\t\t<div class=\"elementor-spacer\">\n\t\t\t<div class=\"elementor-spacer-inner\"><\/div>\n\t\t<\/div>\n\t\t\t\t<\/div>\n\t\t\t\t<\/div>\n\t\t\t\t\t<\/div>\n\t\t\t\t<\/div>\n\t\t<div class=\"elementor-element elementor-element-03c216a e-flex e-con-boxed e-con e-parent\" data-id=\"03c216a\" data-element_type=\"container\">\n\t\t\t\t\t<div class=\"e-con-inner\">\n\t\t\t\t<div class=\"elementor-element elementor-element-3d1bf28 elementor-widget elementor-widget-spacer\" data-id=\"3d1bf28\" data-element_type=\"widget\" data-widget_type=\"spacer.default\">\n\t\t\t\t<div class=\"elementor-widget-container\">\n\t\t\t\t\t<div class=\"elementor-spacer\">\n\t\t\t<div class=\"elementor-spacer-inner\"><\/div>\n\t\t<\/div>\n\t\t\t\t<\/div>\n\t\t\t\t<\/div>\n\t\t\t\t\t<\/div>\n\t\t\t\t<\/div>\n\t\t\t\t<\/div>","protected":false},"excerpt":{"rendered":"<p>Blog Alta temporada \u00e0 vista: seu hotel est\u00e1 preparado? A temporada de f\u00e9rias e festas de fim de ano&#8230; Leia mais 2 de dezembro de 2025 Alta stagione in vista: il tuo hotel \u00e8 pronto? La stagione delle vacanze e delle festivit\u00e0 di fine anno&#8230; Leia mais 2 de dezembro de 2025<\/p>","protected":false},"author":1,"featured_media":0,"parent":0,"menu_order":0,"comment_status":"closed","ping_status":"closed","template":"elementor_header_footer","meta":{"_acf_changed":false,"footnotes":""},"class_list":["post-585","page","type-page","status-publish","hentry"],"blocksy_meta":"","acf":[],"_links":{"self":[{"href":"https:\/\/www.bukly.com\/italiano\/wp-json\/wp\/v2\/pages\/585","targetHints":{"allow":["GET"]}}],"collection":[{"href":"https:\/\/www.bukly.com\/italiano\/wp-json\/wp\/v2\/pages"}],"about":[{"href":"https:\/\/www.bukly.com\/italiano\/wp-json\/wp\/v2\/types\/page"}],"author":[{"embeddable":true,"href":"https:\/\/www.bukly.com\/italiano\/wp-json\/wp\/v2\/users\/1"}],"replies":[{"embeddable":true,"href":"https:\/\/www.bukly.com\/italiano\/wp-json\/wp\/v2\/comments?post=585"}],"version-history":[{"count":18,"href":"https:\/\/www.bukly.com\/italiano\/wp-json\/wp\/v2\/pages\/585\/revisions"}],"predecessor-version":[{"id":608,"href":"https:\/\/www.bukly.com\/italiano\/wp-json\/wp\/v2\/pages\/585\/revisions\/608"}],"wp:attachment":[{"href":"https:\/\/www.bukly.com\/italiano\/wp-json\/wp\/v2\/media?parent=585"}],"curies":[{"name":"wp","href":"https:\/\/api.w.org\/{rel}","templated":true}]}}